{"id":1513,"date":"2023-11-08T17:14:41","date_gmt":"2023-11-08T10:14:41","guid":{"rendered":"https:\/\/www.catcarwash.com\/?post_type=product&#038;p=1513"},"modified":"2023-11-09T10:55:43","modified_gmt":"2023-11-09T03:55:43","slug":"%e0%b8%8b%e0%b8%b1%e0%b8%81%e0%b8%9c%e0%b9%89%e0%b8%b2-%e0%b8%ab%e0%b8%a2%e0%b8%ad%e0%b8%94%e0%b9%80%e0%b8%ab%e0%b8%a3%e0%b8%b5%e0%b8%a2%e0%b8%8d","status":"publish","type":"product","link":"https:\/\/www.catcarwash.com\/vi\/san-pham\/%e0%b8%8b%e0%b8%b1%e0%b8%81%e0%b8%9c%e0%b9%89%e0%b8%b2-%e0%b8%ab%e0%b8%a2%e0%b8%ad%e0%b8%94%e0%b9%80%e0%b8%ab%e0%b8%a3%e0%b8%b5%e0%b8%a2%e0%b8%8d\/","title":{"rendered":"M\u00e1y gi\u1eb7t s\u1eed d\u1ee5ng ti\u1ec1n xu, Size M, 3 m\u00e1y gi\u1eb7t, 2 m\u00e1y s\u1ea5y."},"content":{"rendered":"<div class=\"col-md-12 text-justify\">\n<div class=\"col-md-12 text-justify\">\n<div class=\"row\">\n<div class=\"Textmanager font-inherit\">\n<div class=\"col-md-12 text-justify\">\n<div class=\"col-md-12 text-justify\">\n<div class=\"row\">\n<div class=\"Textmanager font-inherit\">\n<p><strong>Gi\u1eb7t \u1ee7i, v\u1eadn h\u00e0nh b\u1eb1ng ti\u1ec1n xu, Size M, d\u00e0nh cho kh\u1edfi nghi\u1ec7p.<\/strong><\/p>\n<div class=\"table-responsive ng-scope\">\n<table class=\"tj2 k-table table.tj2 td:hover\" style=\"height: 279px; width: 712px;\">\n<tbody>\n<tr style=\"height: 23px;\">\n<td style=\"height: 23px; width: 91px;\">khu v\u1ef1c<\/td>\n<td style=\"height: 23px; width: 605px;\">T\u1eeb 32m2 tr\u1edf l\u00ean<\/td>\n<\/tr>\n<tr style=\"height: 23px;\">\n<td style=\"height: 23px; width: 91px;\">kh\u00e1ch h\u00e0ng \u0111\u01b0\u1ee3c ch\u1ee9ng nh\u1eadn<\/td>\n<td style=\"height: 23px; width: 605px;\">150 \u2013 300 ng\u01b0\u1eddi\/tu\u1ea7n<\/td>\n<\/tr>\n<tr style=\"height: 23px;\">\n<td style=\"height: 23px; width: 91px;\">C\u00f4ng tr\u00ecnh x\u00e2y d\u1ef1ng\/h\u1ec7 th\u1ed1ng\/trang tr\u00ed<\/td>\n<td style=\"height: 23px; width: 605px;\">&gt; Thi\u1ebft k\u1ebf c\u1eeda h\u00e0ng 3D<br \/>\n&gt; Thi\u1ebft k\u1ebf logo c\u1eeda h\u00e0ng<br \/>\n&gt; Thi\u1ebft k\u1ebf b\u1ea3ng hi\u1ec7u ph\u00ed s\u1eed d\u1ee5ng\/d\u1ecbch v\u1ee5 trong c\u1eeda h\u00e0ng<br \/>\n&gt; Thi c\u00f4ng t\u01b0\u1eddng nh\u1eb9 (n\u1ebfu th\u00edch h\u1ee3p)<br \/>\n&gt; B\u1ed3n r\u1eeda tay (n\u1ebfu th\u00edch h\u1ee3p)<br \/>\n&gt; C\u1eeda ph\u00f2ng d\u1ecbch v\u1ee5 (n\u1ebfu th\u00edch h\u1ee3p)<br \/>\n&gt; S\u1ea3n xu\u1ea5t nh\u00e3n d\u00e1n v\u00e0 l\u1eafp \u0111\u1eb7t b\u1ea3ng hi\u1ec7u trong c\u1eeda h\u00e0ng (n\u1ebfu th\u00edch h\u1ee3p)<br \/>\n&gt; \u0110\u00e8n downlight tr\u00ean \u0111\u1ea7u m\u00e1y theo m\u00f4 h\u00ecnh 3D<br \/>\n&gt; H\u1ec7 th\u1ed1ng c\u00f4ng vi\u1ec7c\/s\u1eb5n s\u00e0ng trang tr\u00ed \u2192 M\u1edf qu\u00e1n ngay.<\/td>\n<\/tr>\n<tr style=\"height: 23px;\">\n<td style=\"height: 23px; width: 91px;\">H\u1ec7 th\u1ed1ng thanh to\u00e1n<\/td>\n<td style=\"height: 23px; width: 605px;\">&gt; Nh\u1eadn 1,5,10 xu baht<br \/>\n&gt; Nh\u1eadn ti\u1ec1n gi\u1ea5y 20,50,100 baht<br \/>\n&gt; Qu\u00e9t m\u00e3 QR<\/td>\n<\/tr>\n<tr style=\"height: 23px;\">\n<td style=\"height: 23px; width: 91px;\">M\u00e1y gi\u1eb7t v\u00e0 m\u00e1y s\u1ea5y<\/td>\n<td style=\"height: 23px; width: 605px;\">&gt; 2 m\u00e1y gi\u1eb7t 9 kg.<br \/>\n&gt; 1 m\u00e1y gi\u1eb7t 14kg.<br \/>\n&gt; M\u00e1y s\u1ea5y qu\u1ea7n \u00e1o 15kg, 2 chi\u1ebfc<\/td>\n<\/tr>\n<tr style=\"height: 95px;\">\n<td style=\"height: 95px; width: 91px;\">\u0110i\u1ec1u ki\u1ec7n d\u1ecbch v\u1ee5 sau b\u00e1n h\u00e0ng<\/td>\n<td style=\"height: 95px; width: 605px;\">* B\u1ea3o h\u00e0nh \u0111\u1ea7y \u0111\u1ee7 3 n\u0103m cho m\u00e1y gi\u1eb7t\/m\u00e1y s\u1ea5y.<br \/>\n* D\u1ecbch v\u1ee5 PM\/MA mi\u1ec5n ph\u00ed trong 1 n\u0103m (t\u1ea1i ch\u1ed7 3 th\u00e1ng m\u1ed9t l\u1ea7n)<\/td>\n<\/tr>\n<tr style=\"height: 23px;\">\n<td style=\"height: 23px; width: 91px;\">M\u00f3n qu\u00e0 mi\u1ec5n ph\u00ed<\/td>\n<td style=\"height: 23px; width: 605px;\">&gt; Qu\u1ea1t (k\u00edch th\u01b0\u1edbc v\u00e0 s\u1ed1 l\u01b0\u1ee3ng ph\u00f9 h\u1ee3p theo thi\u1ebft k\u1ebf c\u1ee7a c\u1eeda h\u00e0ng)<br \/>\n&gt; B\u1ed9 b\u00e0n gh\u1ebf (Theo s\u1ef1 ph\u00f9 h\u1ee3p c\u1ee7a c\u1eeda h\u00e0ng)<\/td>\n<\/tr>\n<\/tbody>\n<\/table>\n<\/div>\n<\/div>\n<\/div>\n<\/div>\n<\/div>\n<\/div>\n<\/div>\n<\/div>\n<\/div>","protected":false},"excerpt":{"rendered":"<p>\u0e0b\u0e31\u0e01\u0e1c\u0e49\u0e32 \u0e2b\u0e22\u0e2d\u0e14\u0e40\u0e2b\u0e23\u0e35\u0e22\u0e0d Size M \u0e2a\u0e33\u0e2b\u0e23\u0e31\u0e1a\u0e40\u0e23\u0e34\u0e48\u0e21\u0e15\u0e49\u0e19\u0e18\u0e38\u0e23\u0e01\u0e34\u0e08 \u0e23\u0e32\u0e22\u0e25\u0e30\u0e40\u0e2d\u0e35\u0e22\u0e14 \u0e1e\u0e37\u0e49\u0e19\u0e17\u0e35\u0e48 \u0e15\u0e31\u0e49\u0e07\u0e41\u0e15\u0e48 32 \u0e15\u0e23\u0e21. \u0e02\u0e36\u0e49\u0e19\u0e44\u0e1b \u0e25\u0e39\u0e01\u0e04\u0e49\u0e32\u0e17\u0e35\u0e48\u0e23\u0e31\u0e1a\u0e23\u0e2d\u0e07 150 &#8211; 300 \u0e04\u0e19 \/ \u0e2a\u0e31\u0e1b\u0e14\u0e32\u0e2b\u0e4c \u0e07\u0e32\u0e19\u0e01\u0e48\u0e2d\u0e2a\u0e23\u0e49\u0e32\u0e07 \/ \u0e23\u0e30\u0e1a\u0e1a\/\u0e15\u0e01\u0e41\u0e15\u0e48\u0e07 &gt; \u0e2d\u0e2d\u0e01\u0e41\u0e1a\u0e1a 3D \u0e23\u0e49\u0e32\u0e19 &gt; \u0e2d\u0e2d\u0e01\u0e41\u0e1a\u0e1a\u0e42\u0e25\u0e42\u0e01\u0e49\u0e23\u0e49\u0e32\u0e19 &gt; \u0e2d\u0e2d\u0e01\u0e41\u0e1a\u0e1a\u0e1b\u0e49\u0e32\u0e22\u0e27\u0e34\u0e18\u0e35\u0e01\u0e32\u0e23\u0e43\u0e0a\u0e49\u0e07\u0e32\u0e19 \/ \u0e04\u0e48\u0e32\u0e1a\u0e23\u0e34\u0e01\u0e32\u0e23 \u0e20\u0e32\u0e22\u0e43\u0e19\u0e23\u0e49\u0e32\u0e19 &gt; \u0e01\u0e48\u0e2d\u0e2a\u0e23\u0e49\u0e32\u0e07\u0e07\u0e32\u0e19\u0e1c\u0e19\u0e31\u0e07\u0e40\u0e1a\u0e32 (\u0e15\u0e32\u0e21\u0e04\u0e27\u0e32\u0e21\u0e40\u0e2b\u0e21\u0e32\u0e30\u0e2a\u0e21) &gt; \u0e2d\u0e48\u0e32\u0e07\u0e25\u0e49\u0e32\u0e07\u0e21\u0e37\u0e2d (\u0e15\u0e32\u0e21\u0e04\u0e27\u0e32\u0e21\u0e40\u0e2b\u0e21\u0e32\u0e30\u0e2a\u0e21) &gt; \u0e1b\u0e23\u0e30\u0e15\u0e39\u0e2b\u0e49\u0e2d\u0e07 service (\u0e15\u0e32\u0e21\u0e04\u0e27\u0e32\u0e21\u0e40\u0e2b\u0e21\u0e32\u0e30\u0e2a\u0e21) &gt; \u0e1c\u0e25\u0e34\u0e15\u0e2a\u0e15\u0e34\u0e01\u0e40\u0e01\u0e2d\u0e23\u0e4c\u0e41\u0e25\u0e30\u0e15\u0e34\u0e14\u0e15\u0e31\u0e49\u0e07\u0e1b\u0e49\u0e32\u0e22\u0e20\u0e32\u0e22\u0e43\u0e19\u0e23\u0e49\u0e32\u0e19 (\u0e15\u0e32\u0e21\u0e04\u0e27\u0e32\u0e21\u0e40\u0e2b\u0e21\u0e32\u0e30\u0e2a\u0e21) &gt; \u0e44\u0e1f Downlight \u0e2b\u0e31\u0e27\u0e40\u0e04\u0e23\u0e37\u0e48\u0e2d\u0e07\u0e15\u0e32\u0e21\u0e41\u0e1a\u0e1a 3D &gt; \u0e07\u0e32\u0e19\u0e23\u0e30\u0e1a\u0e1a\/\u0e1e\u0e23\u0e49\u0e2d\u0e21\u0e15\u0e01\u0e41\u0e15\u0e48\u0e07 \u2192 \u0e40\u0e1b\u0e34\u0e14\u0e23\u0e49\u0e32\u0e19\u0e44\u0e14\u0e49\u0e40\u0e25\u0e22 \u0e23\u0e30\u0e1a\u0e1a\u0e0a\u0e33\u0e23\u0e30\u0e40\u0e07\u0e34\u0e19 [&hellip;]<\/p>\n","protected":false},"featured_media":0,"comment_status":"open","ping_status":"closed","template":"","meta":{"_et_pb_use_builder":"","_et_pb_old_content":"","_et_gb_content_width":""},"product_brand":[],"product_cat":[39],"product_tag":[],"class_list":{"0":"post-1513","1":"product","2":"type-product","3":"status-publish","5":"product_cat-39","7":"first","8":"instock","9":"taxable","10":"shipping-taxable","11":"product-type-simple"},"yoast_head":"<!-- This site is optimized with the Yoast SEO plugin v27.3 - https:\/\/yoast.com\/product\/yoast-seo-wordpress\/ -->\n<title>\u0e0b\u0e31\u0e01\u0e1c\u0e49\u0e32 \u0e2b\u0e22\u0e2d\u0e14\u0e40\u0e2b\u0e23\u0e35\u0e22\u0e0d Size M \u0e40\u0e04\u0e23\u0e37\u0e48\u0e2d\u0e07\u0e0b\u0e31\u0e01 3 \u0e2d\u0e1a 2 \u0e2a\u0e33\u0e2b\u0e23\u0e31\u0e1a\u0e40\u0e23\u0e34\u0e48\u0e21\u0e18\u0e38\u0e23\u0e01\u0e34\u0e08\u0e0b\u0e31\u0e01\u0e1c\u0e49\u0e32<\/title>\n<meta name=\"description\" content=\"\u0e08\u0e33\u0e2b\u0e19\u0e48\u0e32\u0e22 \u0e15\u0e39\u0e49 \u0e0b\u0e31\u0e01\u0e1c\u0e49\u0e32 \u0e2b\u0e22\u0e2d\u0e14\u0e40\u0e2b\u0e23\u0e35\u0e22\u0e0d \u0e02\u0e19\u0e32\u0e14 Size M \u0e2a\u0e33\u0e2b\u0e23\u0e31\u0e1a\u0e40\u0e23\u0e34\u0e48\u0e21\u0e15\u0e49\u0e19\u0e18\u0e38\u0e23\u0e01\u0e34\u0e08\u0e23\u0e49\u0e32\u0e19\u0e0b\u0e31\u0e01\u0e1c\u0e49\u0e32 \u0e40\u0e04\u0e23\u0e37\u0e48\u0e2d\u0e07\u0e0b\u0e31\u0e01\u0e1c\u0e49\u0e32\u0e2d\u0e38\u0e15\u0e2a\u0e32\u0e2b\u0e01\u0e23\u0e23\u0e21 3 \u0e40\u0e04\u0e23\u0e37\u0e48\u0e2d\u0e07 \u0e40\u0e04\u0e23\u0e37\u0e48\u0e2d\u0e07\u0e2d\u0e1a\u0e1c\u0e49\u0e32\u0e41\u0e2b\u0e49\u0e07 2 \u0e40\u0e04\u0e23\u0e37\u0e48\u0e2d\u0e07 \u0e41\u0e1a\u0e1a\u0e1d\u0e32\u0e2b\u0e19\u0e49\u0e32 \u0e1e\u0e23\u0e49\u0e2d\u0e21\u0e15\u0e34\u0e14\u0e15\u0e31\u0e49\u0e07\" \/>\n<meta name=\"robots\" content=\"index, follow, max-snippet:-1, max-image-preview:large, max-video-preview:-1\" \/>\n<link rel=\"canonical\" href=\"https:\/\/www.catcarwash.com\/vi\/san-pham\/\u0e0b\u0e31\u0e01\u0e1c\u0e49\u0e32-\u0e2b\u0e22\u0e2d\u0e14\u0e40\u0e2b\u0e23\u0e35\u0e22\u0e0d\/\" \/>\n<meta property=\"og:locale\" content=\"vi_VN\" \/>\n<meta property=\"og:type\" content=\"article\" \/>\n<meta property=\"og:title\" content=\"\u0e0b\u0e31\u0e01\u0e1c\u0e49\u0e32 \u0e2b\u0e22\u0e2d\u0e14\u0e40\u0e2b\u0e23\u0e35\u0e22\u0e0d Size M \u0e40\u0e04\u0e23\u0e37\u0e48\u0e2d\u0e07\u0e0b\u0e31\u0e01 3 \u0e2d\u0e1a 2 \u0e2a\u0e33\u0e2b\u0e23\u0e31\u0e1a\u0e40\u0e23\u0e34\u0e48\u0e21\u0e18\u0e38\u0e23\u0e01\u0e34\u0e08\u0e0b\u0e31\u0e01\u0e1c\u0e49\u0e32\" \/>\n<meta property=\"og:description\" content=\"\u0e08\u0e33\u0e2b\u0e19\u0e48\u0e32\u0e22 \u0e15\u0e39\u0e49 \u0e0b\u0e31\u0e01\u0e1c\u0e49\u0e32 \u0e2b\u0e22\u0e2d\u0e14\u0e40\u0e2b\u0e23\u0e35\u0e22\u0e0d \u0e02\u0e19\u0e32\u0e14 Size M \u0e2a\u0e33\u0e2b\u0e23\u0e31\u0e1a\u0e40\u0e23\u0e34\u0e48\u0e21\u0e15\u0e49\u0e19\u0e18\u0e38\u0e23\u0e01\u0e34\u0e08\u0e23\u0e49\u0e32\u0e19\u0e0b\u0e31\u0e01\u0e1c\u0e49\u0e32 \u0e40\u0e04\u0e23\u0e37\u0e48\u0e2d\u0e07\u0e0b\u0e31\u0e01\u0e1c\u0e49\u0e32\u0e2d\u0e38\u0e15\u0e2a\u0e32\u0e2b\u0e01\u0e23\u0e23\u0e21 3 \u0e40\u0e04\u0e23\u0e37\u0e48\u0e2d\u0e07 \u0e40\u0e04\u0e23\u0e37\u0e48\u0e2d\u0e07\u0e2d\u0e1a\u0e1c\u0e49\u0e32\u0e41\u0e2b\u0e49\u0e07 2 \u0e40\u0e04\u0e23\u0e37\u0e48\u0e2d\u0e07 \u0e41\u0e1a\u0e1a\u0e1d\u0e32\u0e2b\u0e19\u0e49\u0e32 \u0e1e\u0e23\u0e49\u0e2d\u0e21\u0e15\u0e34\u0e14\u0e15\u0e31\u0e49\u0e07\" \/>\n<meta property=\"og:url\" content=\"https:\/\/www.catcarwash.com\/vi\/san-pham\/\u0e0b\u0e31\u0e01\u0e1c\u0e49\u0e32-\u0e2b\u0e22\u0e2d\u0e14\u0e40\u0e2b\u0e23\u0e35\u0e22\u0e0d\/\" \/>\n<meta property=\"og:site_name\" content=\"catcarwash \u0e25\u0e49\u0e32\u0e07\u0e23\u0e16\u0e2b\u0e22\u0e2d\u0e14\u0e40\u0e23\u0e35\u0e22\u0e0d \u0e1e\u0e23\u0e49\u0e2d\u0e21\u0e17\u0e31\u0e49\u0e07\u0e15\u0e34\u0e14\u0e15\u0e31\u0e49\u0e07\u0e23\u0e30\u0e1a\u0e1a \u0e25\u0e49\u0e32\u0e07 \u0e09\u0e35\u0e14 \u0e17\u0e33\u0e04\u0e27\u0e32\u0e21\u0e2a\u0e30\u0e2d\u0e32\u0e14\" \/>\n<meta property=\"article:publisher\" content=\"https:\/\/www.facebook.com\/catcarwash.official\" \/>\n<meta property=\"article:modified_time\" content=\"2023-11-09T03:55:43+00:00\" \/>\n<meta property=\"og:image\" content=\"https:\/\/www.catcarwash.com\/wp-content\/uploads\/2023\/11\/\u0e40\u0e04\u0e23\u0e37\u0e48\u0e2d\u0e07\u0e0b\u0e31\u0e01\u0e1c\u0e49\u0e32-\u0e2b\u0e22\u0e2d\u0e14-\u0e40\u0e2b\u0e23\u0e35\u0e22\u0e0d-\u0e23\u0e32\u0e04\u0e32-\u0e16\u0e39\u0e01-\u0e1e\u0e23\u0e49\u0e2d\u0e21\u0e15\u0e34\u0e14\u0e15\u0e31\u0e49\u0e07-\u0e2a\u0e33\u0e2b\u0e23\u0e31\u0e1a\u0e40\u0e1b\u0e34\u0e14\u0e23\u0e49\u0e32\u0e19.jpg\" \/>\n\t<meta property=\"og:image:width\" content=\"800\" \/>\n\t<meta property=\"og:image:height\" content=\"935\" \/>\n\t<meta property=\"og:image:type\" content=\"image\/jpeg\" \/>\n<meta name=\"twitter:card\" content=\"summary_large_image\" \/>\n<meta name=\"twitter:label1\" content=\"\u01af\u1edbc t\u00ednh th\u1eddi gian \u0111\u1ecdc\" \/>\n\t<meta name=\"twitter:data1\" content=\"1 ph\u00fat\" \/>\n<script type=\"application\/ld+json\" class=\"yoast-schema-graph\">{\"@context\":\"https:\\\/\\\/schema.org\",\"@graph\":[{\"@type\":\"WebPage\",\"@id\":\"https:\\\/\\\/www.catcarwash.com\\\/product\\\/%e0%b8%8b%e0%b8%b1%e0%b8%81%e0%b8%9c%e0%b9%89%e0%b8%b2-%e0%b8%ab%e0%b8%a2%e0%b8%ad%e0%b8%94%e0%b9%80%e0%b8%ab%e0%b8%a3%e0%b8%b5%e0%b8%a2%e0%b8%8d\\\/\",\"url\":\"https:\\\/\\\/www.catcarwash.com\\\/product\\\/%e0%b8%8b%e0%b8%b1%e0%b8%81%e0%b8%9c%e0%b9%89%e0%b8%b2-%e0%b8%ab%e0%b8%a2%e0%b8%ad%e0%b8%94%e0%b9%80%e0%b8%ab%e0%b8%a3%e0%b8%b5%e0%b8%a2%e0%b8%8d\\\/\",\"name\":\"\u0e0b\u0e31\u0e01\u0e1c\u0e49\u0e32 \u0e2b\u0e22\u0e2d\u0e14\u0e40\u0e2b\u0e23\u0e35\u0e22\u0e0d Size M \u0e40\u0e04\u0e23\u0e37\u0e48\u0e2d\u0e07\u0e0b\u0e31\u0e01 3 \u0e2d\u0e1a 2 \u0e2a\u0e33\u0e2b\u0e23\u0e31\u0e1a\u0e40\u0e23\u0e34\u0e48\u0e21\u0e18\u0e38\u0e23\u0e01\u0e34\u0e08\u0e0b\u0e31\u0e01\u0e1c\u0e49\u0e32\",\"isPartOf\":{\"@id\":\"https:\\\/\\\/www.catcarwash.com\\\/#website\"},\"datePublished\":\"2023-11-08T10:14:41+00:00\",\"dateModified\":\"2023-11-09T03:55:43+00:00\",\"description\":\"\u0e08\u0e33\u0e2b\u0e19\u0e48\u0e32\u0e22 \u0e15\u0e39\u0e49 \u0e0b\u0e31\u0e01\u0e1c\u0e49\u0e32 \u0e2b\u0e22\u0e2d\u0e14\u0e40\u0e2b\u0e23\u0e35\u0e22\u0e0d \u0e02\u0e19\u0e32\u0e14 Size M \u0e2a\u0e33\u0e2b\u0e23\u0e31\u0e1a\u0e40\u0e23\u0e34\u0e48\u0e21\u0e15\u0e49\u0e19\u0e18\u0e38\u0e23\u0e01\u0e34\u0e08\u0e23\u0e49\u0e32\u0e19\u0e0b\u0e31\u0e01\u0e1c\u0e49\u0e32 \u0e40\u0e04\u0e23\u0e37\u0e48\u0e2d\u0e07\u0e0b\u0e31\u0e01\u0e1c\u0e49\u0e32\u0e2d\u0e38\u0e15\u0e2a\u0e32\u0e2b\u0e01\u0e23\u0e23\u0e21 3 \u0e40\u0e04\u0e23\u0e37\u0e48\u0e2d\u0e07 \u0e40\u0e04\u0e23\u0e37\u0e48\u0e2d\u0e07\u0e2d\u0e1a\u0e1c\u0e49\u0e32\u0e41\u0e2b\u0e49\u0e07 2 \u0e40\u0e04\u0e23\u0e37\u0e48\u0e2d\u0e07 \u0e41\u0e1a\u0e1a\u0e1d\u0e32\u0e2b\u0e19\u0e49\u0e32 \u0e1e\u0e23\u0e49\u0e2d\u0e21\u0e15\u0e34\u0e14\u0e15\u0e31\u0e49\u0e07\",\"breadcrumb\":{\"@id\":\"https:\\\/\\\/www.catcarwash.com\\\/product\\\/%e0%b8%8b%e0%b8%b1%e0%b8%81%e0%b8%9c%e0%b9%89%e0%b8%b2-%e0%b8%ab%e0%b8%a2%e0%b8%ad%e0%b8%94%e0%b9%80%e0%b8%ab%e0%b8%a3%e0%b8%b5%e0%b8%a2%e0%b8%8d\\\/#breadcrumb\"},\"inLanguage\":\"vi\",\"potentialAction\":[{\"@type\":\"ReadAction\",\"target\":[\"https:\\\/\\\/www.catcarwash.com\\\/product\\\/%e0%b8%8b%e0%b8%b1%e0%b8%81%e0%b8%9c%e0%b9%89%e0%b8%b2-%e0%b8%ab%e0%b8%a2%e0%b8%ad%e0%b8%94%e0%b9%80%e0%b8%ab%e0%b8%a3%e0%b8%b5%e0%b8%a2%e0%b8%8d\\\/\"]}]},{\"@type\":\"BreadcrumbList\",\"@id\":\"https:\\\/\\\/www.catcarwash.com\\\/product\\\/%e0%b8%8b%e0%b8%b1%e0%b8%81%e0%b8%9c%e0%b9%89%e0%b8%b2-%e0%b8%ab%e0%b8%a2%e0%b8%ad%e0%b8%94%e0%b9%80%e0%b8%ab%e0%b8%a3%e0%b8%b5%e0%b8%a2%e0%b8%8d\\\/#breadcrumb\",\"itemListElement\":[{\"@type\":\"ListItem\",\"position\":1,\"name\":\"Home\",\"item\":\"https:\\\/\\\/www.catcarwash.com\\\/en\\\/\"},{\"@type\":\"ListItem\",\"position\":2,\"name\":\"\u0e23\u0e49\u0e32\u0e19\u0e04\u0e49\u0e32\",\"item\":\"https:\\\/\\\/www.catcarwash.com\\\/vi\\\/shop\\\/\"},{\"@type\":\"ListItem\",\"position\":3,\"name\":\"\u0e0b\u0e31\u0e01\u0e1c\u0e49\u0e32 \u0e2b\u0e22\u0e2d\u0e14\u0e40\u0e2b\u0e23\u0e35\u0e22\u0e0d Size M 3 \u0e40\u0e04\u0e23\u0e37\u0e48\u0e2d\u0e07\u0e0b\u0e31\u0e01\u0e1c\u0e49\u0e32 2 \u0e40\u0e04\u0e23\u0e37\u0e48\u0e2d\u0e07\u0e2d\u0e1a\u0e1c\u0e49\u0e32\u0e41\u0e2b\u0e49\u0e07\"}]},{\"@type\":\"WebSite\",\"@id\":\"https:\\\/\\\/www.catcarwash.com\\\/#website\",\"url\":\"https:\\\/\\\/www.catcarwash.com\\\/\",\"name\":\"catcarwash \u0e25\u0e49\u0e32\u0e07\u0e23\u0e16\u0e2b\u0e22\u0e2d\u0e14\u0e40\u0e23\u0e35\u0e22\u0e0d \u0e1e\u0e23\u0e49\u0e2d\u0e21\u0e17\u0e31\u0e49\u0e07\u0e15\u0e34\u0e14\u0e15\u0e31\u0e49\u0e07\u0e23\u0e30\u0e1a\u0e1a \u0e25\u0e49\u0e32\u0e07 \u0e09\u0e35\u0e14 \u0e17\u0e33\u0e04\u0e27\u0e32\u0e21\u0e2a\u0e30\u0e2d\u0e32\u0e14\",\"description\":\"\u0e08\u0e33\u0e2b\u0e19\u0e48\u0e32\u0e22 \u0e41\u0e1f\u0e23\u0e19\u0e44\u0e0a\u0e2a\u0e4c \u0e18\u0e38\u0e23\u0e01\u0e34\u0e08\u0e25\u0e49\u0e32\u0e07\u0e23\u0e16\u0e2b\u0e22\u0e2d\u0e14\u0e40\u0e2b\u0e23\u0e35\u0e22\u0e0d \u0e15\u0e39\u0e49\u0e25\u0e49\u0e32\u0e07\u0e23\u0e16\u0e2b\u0e22\u0e2d\u0e14\u0e40\u0e23\u0e35\u0e22\u0e0d\",\"potentialAction\":[{\"@type\":\"SearchAction\",\"target\":{\"@type\":\"EntryPoint\",\"urlTemplate\":\"https:\\\/\\\/www.catcarwash.com\\\/?s={search_term_string}\"},\"query-input\":{\"@type\":\"PropertyValueSpecification\",\"valueRequired\":true,\"valueName\":\"search_term_string\"}}],\"inLanguage\":\"vi\"}]}<\/script>\n<!-- \/ Yoast SEO plugin. -->","yoast_head_json":{"title":"\u0e0b\u0e31\u0e01\u0e1c\u0e49\u0e32 \u0e2b\u0e22\u0e2d\u0e14\u0e40\u0e2b\u0e23\u0e35\u0e22\u0e0d Size M \u0e40\u0e04\u0e23\u0e37\u0e48\u0e2d\u0e07\u0e0b\u0e31\u0e01 3 \u0e2d\u0e1a 2 \u0e2a\u0e33\u0e2b\u0e23\u0e31\u0e1a\u0e40\u0e23\u0e34\u0e48\u0e21\u0e18\u0e38\u0e23\u0e01\u0e34\u0e08\u0e0b\u0e31\u0e01\u0e1c\u0e49\u0e32","description":"\u0e08\u0e33\u0e2b\u0e19\u0e48\u0e32\u0e22 \u0e15\u0e39\u0e49 \u0e0b\u0e31\u0e01\u0e1c\u0e49\u0e32 \u0e2b\u0e22\u0e2d\u0e14\u0e40\u0e2b\u0e23\u0e35\u0e22\u0e0d \u0e02\u0e19\u0e32\u0e14 Size M \u0e2a\u0e33\u0e2b\u0e23\u0e31\u0e1a\u0e40\u0e23\u0e34\u0e48\u0e21\u0e15\u0e49\u0e19\u0e18\u0e38\u0e23\u0e01\u0e34\u0e08\u0e23\u0e49\u0e32\u0e19\u0e0b\u0e31\u0e01\u0e1c\u0e49\u0e32 \u0e40\u0e04\u0e23\u0e37\u0e48\u0e2d\u0e07\u0e0b\u0e31\u0e01\u0e1c\u0e49\u0e32\u0e2d\u0e38\u0e15\u0e2a\u0e32\u0e2b\u0e01\u0e23\u0e23\u0e21 3 \u0e40\u0e04\u0e23\u0e37\u0e48\u0e2d\u0e07 \u0e40\u0e04\u0e23\u0e37\u0e48\u0e2d\u0e07\u0e2d\u0e1a\u0e1c\u0e49\u0e32\u0e41\u0e2b\u0e49\u0e07 2 \u0e40\u0e04\u0e23\u0e37\u0e48\u0e2d\u0e07 \u0e41\u0e1a\u0e1a\u0e1d\u0e32\u0e2b\u0e19\u0e49\u0e32 \u0e1e\u0e23\u0e49\u0e2d\u0e21\u0e15\u0e34\u0e14\u0e15\u0e31\u0e49\u0e07","robots":{"index":"index","follow":"follow","max-snippet":"max-snippet:-1","max-image-preview":"max-image-preview:large","max-video-preview":"max-video-preview:-1"},"canonical":"https:\/\/www.catcarwash.com\/vi\/san-pham\/\u0e0b\u0e31\u0e01\u0e1c\u0e49\u0e32-\u0e2b\u0e22\u0e2d\u0e14\u0e40\u0e2b\u0e23\u0e35\u0e22\u0e0d\/","og_locale":"vi_VN","og_type":"article","og_title":"\u0e0b\u0e31\u0e01\u0e1c\u0e49\u0e32 \u0e2b\u0e22\u0e2d\u0e14\u0e40\u0e2b\u0e23\u0e35\u0e22\u0e0d Size M \u0e40\u0e04\u0e23\u0e37\u0e48\u0e2d\u0e07\u0e0b\u0e31\u0e01 3 \u0e2d\u0e1a 2 \u0e2a\u0e33\u0e2b\u0e23\u0e31\u0e1a\u0e40\u0e23\u0e34\u0e48\u0e21\u0e18\u0e38\u0e23\u0e01\u0e34\u0e08\u0e0b\u0e31\u0e01\u0e1c\u0e49\u0e32","og_description":"\u0e08\u0e33\u0e2b\u0e19\u0e48\u0e32\u0e22 \u0e15\u0e39\u0e49 \u0e0b\u0e31\u0e01\u0e1c\u0e49\u0e32 \u0e2b\u0e22\u0e2d\u0e14\u0e40\u0e2b\u0e23\u0e35\u0e22\u0e0d \u0e02\u0e19\u0e32\u0e14 Size M \u0e2a\u0e33\u0e2b\u0e23\u0e31\u0e1a\u0e40\u0e23\u0e34\u0e48\u0e21\u0e15\u0e49\u0e19\u0e18\u0e38\u0e23\u0e01\u0e34\u0e08\u0e23\u0e49\u0e32\u0e19\u0e0b\u0e31\u0e01\u0e1c\u0e49\u0e32 \u0e40\u0e04\u0e23\u0e37\u0e48\u0e2d\u0e07\u0e0b\u0e31\u0e01\u0e1c\u0e49\u0e32\u0e2d\u0e38\u0e15\u0e2a\u0e32\u0e2b\u0e01\u0e23\u0e23\u0e21 3 \u0e40\u0e04\u0e23\u0e37\u0e48\u0e2d\u0e07 \u0e40\u0e04\u0e23\u0e37\u0e48\u0e2d\u0e07\u0e2d\u0e1a\u0e1c\u0e49\u0e32\u0e41\u0e2b\u0e49\u0e07 2 \u0e40\u0e04\u0e23\u0e37\u0e48\u0e2d\u0e07 \u0e41\u0e1a\u0e1a\u0e1d\u0e32\u0e2b\u0e19\u0e49\u0e32 \u0e1e\u0e23\u0e49\u0e2d\u0e21\u0e15\u0e34\u0e14\u0e15\u0e31\u0e49\u0e07","og_url":"https:\/\/www.catcarwash.com\/vi\/san-pham\/\u0e0b\u0e31\u0e01\u0e1c\u0e49\u0e32-\u0e2b\u0e22\u0e2d\u0e14\u0e40\u0e2b\u0e23\u0e35\u0e22\u0e0d\/","og_site_name":"catcarwash \u0e25\u0e49\u0e32\u0e07\u0e23\u0e16\u0e2b\u0e22\u0e2d\u0e14\u0e40\u0e23\u0e35\u0e22\u0e0d \u0e1e\u0e23\u0e49\u0e2d\u0e21\u0e17\u0e31\u0e49\u0e07\u0e15\u0e34\u0e14\u0e15\u0e31\u0e49\u0e07\u0e23\u0e30\u0e1a\u0e1a \u0e25\u0e49\u0e32\u0e07 \u0e09\u0e35\u0e14 \u0e17\u0e33\u0e04\u0e27\u0e32\u0e21\u0e2a\u0e30\u0e2d\u0e32\u0e14","article_publisher":"https:\/\/www.facebook.com\/catcarwash.official","article_modified_time":"2023-11-09T03:55:43+00:00","og_image":[{"width":800,"height":935,"url":"https:\/\/www.catcarwash.com\/wp-content\/uploads\/2023\/11\/\u0e40\u0e04\u0e23\u0e37\u0e48\u0e2d\u0e07\u0e0b\u0e31\u0e01\u0e1c\u0e49\u0e32-\u0e2b\u0e22\u0e2d\u0e14-\u0e40\u0e2b\u0e23\u0e35\u0e22\u0e0d-\u0e23\u0e32\u0e04\u0e32-\u0e16\u0e39\u0e01-\u0e1e\u0e23\u0e49\u0e2d\u0e21\u0e15\u0e34\u0e14\u0e15\u0e31\u0e49\u0e07-\u0e2a\u0e33\u0e2b\u0e23\u0e31\u0e1a\u0e40\u0e1b\u0e34\u0e14\u0e23\u0e49\u0e32\u0e19.jpg","type":"image\/jpeg"}],"twitter_card":"summary_large_image","twitter_misc":{"\u01af\u1edbc t\u00ednh th\u1eddi gian \u0111\u1ecdc":"1 ph\u00fat"},"schema":{"@context":"https:\/\/schema.org","@graph":[{"@type":"WebPage","@id":"https:\/\/www.catcarwash.com\/product\/%e0%b8%8b%e0%b8%b1%e0%b8%81%e0%b8%9c%e0%b9%89%e0%b8%b2-%e0%b8%ab%e0%b8%a2%e0%b8%ad%e0%b8%94%e0%b9%80%e0%b8%ab%e0%b8%a3%e0%b8%b5%e0%b8%a2%e0%b8%8d\/","url":"https:\/\/www.catcarwash.com\/product\/%e0%b8%8b%e0%b8%b1%e0%b8%81%e0%b8%9c%e0%b9%89%e0%b8%b2-%e0%b8%ab%e0%b8%a2%e0%b8%ad%e0%b8%94%e0%b9%80%e0%b8%ab%e0%b8%a3%e0%b8%b5%e0%b8%a2%e0%b8%8d\/","name":"\u0e0b\u0e31\u0e01\u0e1c\u0e49\u0e32 \u0e2b\u0e22\u0e2d\u0e14\u0e40\u0e2b\u0e23\u0e35\u0e22\u0e0d Size M \u0e40\u0e04\u0e23\u0e37\u0e48\u0e2d\u0e07\u0e0b\u0e31\u0e01 3 \u0e2d\u0e1a 2 \u0e2a\u0e33\u0e2b\u0e23\u0e31\u0e1a\u0e40\u0e23\u0e34\u0e48\u0e21\u0e18\u0e38\u0e23\u0e01\u0e34\u0e08\u0e0b\u0e31\u0e01\u0e1c\u0e49\u0e32","isPartOf":{"@id":"https:\/\/www.catcarwash.com\/#website"},"datePublished":"2023-11-08T10:14:41+00:00","dateModified":"2023-11-09T03:55:43+00:00","description":"\u0e08\u0e33\u0e2b\u0e19\u0e48\u0e32\u0e22 \u0e15\u0e39\u0e49 \u0e0b\u0e31\u0e01\u0e1c\u0e49\u0e32 \u0e2b\u0e22\u0e2d\u0e14\u0e40\u0e2b\u0e23\u0e35\u0e22\u0e0d \u0e02\u0e19\u0e32\u0e14 Size M \u0e2a\u0e33\u0e2b\u0e23\u0e31\u0e1a\u0e40\u0e23\u0e34\u0e48\u0e21\u0e15\u0e49\u0e19\u0e18\u0e38\u0e23\u0e01\u0e34\u0e08\u0e23\u0e49\u0e32\u0e19\u0e0b\u0e31\u0e01\u0e1c\u0e49\u0e32 \u0e40\u0e04\u0e23\u0e37\u0e48\u0e2d\u0e07\u0e0b\u0e31\u0e01\u0e1c\u0e49\u0e32\u0e2d\u0e38\u0e15\u0e2a\u0e32\u0e2b\u0e01\u0e23\u0e23\u0e21 3 \u0e40\u0e04\u0e23\u0e37\u0e48\u0e2d\u0e07 \u0e40\u0e04\u0e23\u0e37\u0e48\u0e2d\u0e07\u0e2d\u0e1a\u0e1c\u0e49\u0e32\u0e41\u0e2b\u0e49\u0e07 2 \u0e40\u0e04\u0e23\u0e37\u0e48\u0e2d\u0e07 \u0e41\u0e1a\u0e1a\u0e1d\u0e32\u0e2b\u0e19\u0e49\u0e32 \u0e1e\u0e23\u0e49\u0e2d\u0e21\u0e15\u0e34\u0e14\u0e15\u0e31\u0e49\u0e07","breadcrumb":{"@id":"https:\/\/www.catcarwash.com\/product\/%e0%b8%8b%e0%b8%b1%e0%b8%81%e0%b8%9c%e0%b9%89%e0%b8%b2-%e0%b8%ab%e0%b8%a2%e0%b8%ad%e0%b8%94%e0%b9%80%e0%b8%ab%e0%b8%a3%e0%b8%b5%e0%b8%a2%e0%b8%8d\/#breadcrumb"},"inLanguage":"vi","potentialAction":[{"@type":"ReadAction","target":["https:\/\/www.catcarwash.com\/product\/%e0%b8%8b%e0%b8%b1%e0%b8%81%e0%b8%9c%e0%b9%89%e0%b8%b2-%e0%b8%ab%e0%b8%a2%e0%b8%ad%e0%b8%94%e0%b9%80%e0%b8%ab%e0%b8%a3%e0%b8%b5%e0%b8%a2%e0%b8%8d\/"]}]},{"@type":"BreadcrumbList","@id":"https:\/\/www.catcarwash.com\/product\/%e0%b8%8b%e0%b8%b1%e0%b8%81%e0%b8%9c%e0%b9%89%e0%b8%b2-%e0%b8%ab%e0%b8%a2%e0%b8%ad%e0%b8%94%e0%b9%80%e0%b8%ab%e0%b8%a3%e0%b8%b5%e0%b8%a2%e0%b8%8d\/#breadcrumb","itemListElement":[{"@type":"ListItem","position":1,"name":"Home","item":"https:\/\/www.catcarwash.com\/en\/"},{"@type":"ListItem","position":2,"name":"\u0e23\u0e49\u0e32\u0e19\u0e04\u0e49\u0e32","item":"https:\/\/www.catcarwash.com\/vi\/shop\/"},{"@type":"ListItem","position":3,"name":"\u0e0b\u0e31\u0e01\u0e1c\u0e49\u0e32 \u0e2b\u0e22\u0e2d\u0e14\u0e40\u0e2b\u0e23\u0e35\u0e22\u0e0d Size M 3 \u0e40\u0e04\u0e23\u0e37\u0e48\u0e2d\u0e07\u0e0b\u0e31\u0e01\u0e1c\u0e49\u0e32 2 \u0e40\u0e04\u0e23\u0e37\u0e48\u0e2d\u0e07\u0e2d\u0e1a\u0e1c\u0e49\u0e32\u0e41\u0e2b\u0e49\u0e07"}]},{"@type":"WebSite","@id":"https:\/\/www.catcarwash.com\/#website","url":"https:\/\/www.catcarwash.com\/","name":"catcarwash \u0e25\u0e49\u0e32\u0e07\u0e23\u0e16\u0e2b\u0e22\u0e2d\u0e14\u0e40\u0e23\u0e35\u0e22\u0e0d \u0e1e\u0e23\u0e49\u0e2d\u0e21\u0e17\u0e31\u0e49\u0e07\u0e15\u0e34\u0e14\u0e15\u0e31\u0e49\u0e07\u0e23\u0e30\u0e1a\u0e1a \u0e25\u0e49\u0e32\u0e07 \u0e09\u0e35\u0e14 \u0e17\u0e33\u0e04\u0e27\u0e32\u0e21\u0e2a\u0e30\u0e2d\u0e32\u0e14","description":"B\u00e1n nh\u01b0\u1ee3ng quy\u1ec1n cho c\u00e1c doanh nghi\u1ec7p r\u1eeda xe ho\u1ea1t \u0111\u1ed9ng b\u1eb1ng ti\u1ec1n xu. Tr\u1ea1m r\u1eeda xe ki\u1ebfm ti\u1ec1n","potentialAction":[{"@type":"SearchAction","target":{"@type":"EntryPoint","urlTemplate":"https:\/\/www.catcarwash.com\/?s={search_term_string}"},"query-input":{"@type":"PropertyValueSpecification","valueRequired":true,"valueName":"search_term_string"}}],"inLanguage":"vi"}]}},"_links":{"self":[{"href":"https:\/\/www.catcarwash.com\/vi\/wp-json\/wp\/v2\/product\/1513","targetHints":{"allow":["GET"]}}],"collection":[{"href":"https:\/\/www.catcarwash.com\/vi\/wp-json\/wp\/v2\/product"}],"about":[{"href":"https:\/\/www.catcarwash.com\/vi\/wp-json\/wp\/v2\/types\/product"}],"replies":[{"embeddable":true,"href":"https:\/\/www.catcarwash.com\/vi\/wp-json\/wp\/v2\/comments?post=1513"}],"wp:attachment":[{"href":"https:\/\/www.catcarwash.com\/vi\/wp-json\/wp\/v2\/media?parent=1513"}],"wp:term":[{"taxonomy":"product_brand","embeddable":true,"href":"https:\/\/www.catcarwash.com\/vi\/wp-json\/wp\/v2\/product_brand?post=1513"},{"taxonomy":"product_cat","embeddable":true,"href":"https:\/\/www.catcarwash.com\/vi\/wp-json\/wp\/v2\/product_cat?post=1513"},{"taxonomy":"product_tag","embeddable":true,"href":"https:\/\/www.catcarwash.com\/vi\/wp-json\/wp\/v2\/product_tag?post=1513"}],"curies":[{"name":"wp","href":"https:\/\/api.w.org\/{rel}","templated":true}]}}